{"id":9545,"date":"2023-02-22T21:07:54","date_gmt":"2023-02-22T19:07:54","guid":{"rendered":"https:\/\/royalsailingrhodes.com\/?page_id=9545"},"modified":"2024-02-13T20:55:38","modified_gmt":"2024-02-13T18:55:38","slug":"about-us-2","status":"publish","type":"page","link":"https:\/\/royalsailingrhodes.com\/index.php\/fr\/about-us-2\/","title":{"rendered":"\u00e0 propos de nous"},"content":{"rendered":"\t\t<div data-elementor-type=\"wp-page\" data-elementor-id=\"9545\" class=\"elementor elementor-9545\">\n\t\t\t\t\t\t\t\t\t<section class=\"elementor-section elementor-top-section elementor-element elementor-element-b463df9 elementor-section-full_width qodef-elementor-content-grid elementor-section-height-default elementor-section-height-default\" data-id=\"b463df9\" data-element_type=\"section\" data-settings=\"{&quot;background_background&quot;:&quot;classic&quot;}\">\n\t\t\t\t\t\t<div class=\"elementor-container elementor-column-gap-no\">\n\t\t\t\t\t<div class=\"elementor-column elementor-col-100 elementor-top-column elementor-element elementor-element-ee92ff2\" data-id=\"ee92ff2\" data-element_type=\"column\">\n\t\t\t<div class=\"elementor-widget-wrap elementor-element-populated\">\n\t\t\t\t\t\t\t\t<div class=\"elementor-element elementor-element-2529464 elementor-widget elementor-widget-seafarer_core_section_title\" data-id=\"2529464\" data-element_type=\"widget\" data-widget_type=\"seafarer_core_section_title.default\">\n\t\t\t\t<div class=\"elementor-widget-container\">\n\t\t\t<div class=\"qodef-shortcode qodef-m  qodef-section-title qodef-alignment--center \">\n\t\t<div class=\"qodef-m-image\">\n\t\t<img width=\"74\" height=\"108\" src=\"https:\/\/royalsailingrhodes.com\/wp-content\/uploads\/2021\/07\/Sidebar-img.png\" class=\"attachment-full size-full\" alt=\"Sidebar-img\" loading=\"lazy\" \/>\t<\/div>\n\t<div class=\"qodef-m-content\">\n\t\t    <span class=\"qodef-m-background-text\" >\n    Explorez    <\/span>\n\n\t\t    <h6 class=\"qodef-m-subtitle\" >\n    NAUTICAL COMPANY    <\/h6>\n\t\t\t<h1 class=\"qodef-m-title\" >\n\t\t\t\t\tRoyal Sailing Rhodes Depuis 2021\t\t\t<\/h1>\n\t\t\t<\/div>\n<\/div>\n\t\t<\/div>\n\t\t\t\t<\/div>\n\t\t\t\t<div class=\"elementor-element elementor-element-d229faf elementor-widget elementor-widget-text-editor\" data-id=\"d229faf\" data-element_type=\"widget\" data-widget_type=\"text-editor.default\">\n\t\t\t\t<div class=\"elementor-widget-container\">\n\t\t\t<style>\/*! elementor - v3.6.4 - 13-04-2022 *\/\n.elementor-widget-text-editor.elementor-drop-cap-view-stacked .elementor-drop-cap{background-color:#818a91;color:#fff}.elementor-widget-text-editor.elementor-drop-cap-view-framed .elementor-drop-cap{color:#818a91;border:3px solid;background-color:transparent}.elementor-widget-text-editor:not(.elementor-drop-cap-view-default) .elementor-drop-cap{margin-top:8px}.elementor-widget-text-editor:not(.elementor-drop-cap-view-default) .elementor-drop-cap-letter{width:1em;height:1em}.elementor-widget-text-editor .elementor-drop-cap{float:left;text-align:center;line-height:1;font-size:50px}.elementor-widget-text-editor .elementor-drop-cap-letter{display:inline-block}<\/style>\t\t\t\t<p style=\"font-size: 17px; line-height: 28px;\">Vivez vos vacances de r\u00eave!<\/p>\t\t\t\t\t\t<\/div>\n\t\t\t\t<\/div>\n\t\t\t\t\t<\/div>\n\t\t<\/div>\n\t\t\t\t\t\t\t<\/div>\n\t\t<\/section>\n\t\t\t\t<section class=\"elementor-section elementor-top-section elementor-element elementor-element-b1d3407 elementor-section-full_width qodef-elementor-content-grid elementor-section-height-default elementor-section-height-default\" data-id=\"b1d3407\" data-element_type=\"section\">\n\t\t\t\t\t\t<div class=\"elementor-container elementor-column-gap-default\">\n\t\t\t\t\t<div class=\"elementor-column elementor-col-50 elementor-top-column elementor-element elementor-element-1012e9b\" data-id=\"1012e9b\" data-element_type=\"column\">\n\t\t\t<div class=\"elementor-widget-wrap elementor-element-populated\">\n\t\t\t\t\t\t\t\t<div class=\"elementor-element elementor-element-7c9bb7b elementor-widget__width-initial e-transform elementor-widget elementor-widget-seafarer_core_single_image\" data-id=\"7c9bb7b\" data-element_type=\"widget\" data-settings=\"{&quot;_transform_scale_effect&quot;:{&quot;unit&quot;:&quot;px&quot;,&quot;size&quot;:1.1000000000000001,&quot;sizes&quot;:[]},&quot;_transform_scale_effect_tablet&quot;:{&quot;unit&quot;:&quot;px&quot;,&quot;size&quot;:&quot;&quot;,&quot;sizes&quot;:[]},&quot;_transform_scale_effect_mobile&quot;:{&quot;unit&quot;:&quot;px&quot;,&quot;size&quot;:&quot;&quot;,&quot;sizes&quot;:[]}}\" data-widget_type=\"seafarer_core_single_image.default\">\n\t\t\t\t<div class=\"elementor-widget-container\">\n\t\t\t<div class=\"qodef-shortcode qodef-m  qodef-single-image qodef-layout--default   \"  >\n\t\t<span class=\"qodef-m-border--top-left\"><\/span>\n\t<span class=\"qodef-m-border--bottom-right\"><\/span>\n\t<div class=\"qodef-m-image\">\n\t\t\t\t\t<img width=\"393\" height=\"420\" src=\"https:\/\/royalsailingrhodes.com\/wp-content\/uploads\/2022\/02\/Rhodes-Luxury-Cruises.jpg\" class=\"attachment-full size-full\" alt=\"Rhodes Luxury Cruises\" loading=\"lazy\" srcset=\"https:\/\/royalsailingrhodes.com\/wp-content\/uploads\/2022\/02\/Rhodes-Luxury-Cruises.jpg 393w, https:\/\/royalsailingrhodes.com\/wp-content\/uploads\/2022\/02\/Rhodes-Luxury-Cruises-281x300.jpg 281w\" sizes=\"(max-width: 393px) 100vw, 393px\" \/>\t\t\t<\/div>\n<\/div>\n\t\t<\/div>\n\t\t\t\t<\/div>\n\t\t\t\t\t<\/div>\n\t\t<\/div>\n\t\t\t\t<div class=\"elementor-column elementor-col-50 elementor-top-column elementor-element elementor-element-dc2b2f6\" data-id=\"dc2b2f6\" data-element_type=\"column\">\n\t\t\t<div class=\"elementor-widget-wrap elementor-element-populated\">\n\t\t\t\t\t\t\t\t<div class=\"elementor-element elementor-element-4ecb49d elementor-widget elementor-widget-seafarer_core_section_title\" data-id=\"4ecb49d\" data-element_type=\"widget\" data-widget_type=\"seafarer_core_section_title.default\">\n\t\t\t\t<div class=\"elementor-widget-container\">\n\t\t\t<div class=\"qodef-shortcode qodef-m  qodef-section-title qodef-alignment--left \">\n\t\t<div class=\"qodef-m-content\">\n\t\t\n\t\t\t\t\t<h3 class=\"qodef-m-title\" style=\"margin-top: 2px\">\n\t\t\t\t\tPour nous, organiser des croisi\u00e8res autour de l\u2019ile de Rhodes, c\u2019est plus qu\u2019un travail. C\u2019est notre fa\u00e7on de vivre\u00a0!\t\t\t<\/h3>\n\t\t\t<\/div>\n<\/div>\n\t\t<\/div>\n\t\t\t\t<\/div>\n\t\t\t\t<div class=\"elementor-element elementor-element-9c8208c elementor-widget__width-initial elementor-widget elementor-widget-seafarer_core_unordered_list\" data-id=\"9c8208c\" data-element_type=\"widget\" data-widget_type=\"seafarer_core_unordered_list.default\">\n\t\t\t\t<div class=\"elementor-widget-container\">\n\t\t\t<div class=\"qodef-shortcode qodef-m  qodef-unordered-list\">\n\t\t\t<div class=\"qodef-ul-text\" ><p>Vivre \u00e0 bord, c\u2019est notre passion.<br \/>Nous sommes d\u00e9di\u00e9s \u00e0 ce qu\u2019on fait et nous nous sentons tr\u00e8s proches de tous ceux qui partagent la m\u00eame passion. Si vous aimez la mer comme nous le faisons, cette croisi\u00e8re sera pour vous le d\u00e9but d\u2019un voyage incroyable. Nous offrons \u00e0 nos clients le confort et le plaisir des croisi\u00e8res de luxe autour de l\u00eele de Rhodes. Nous vous garantissons une journ\u00e9e inoubliable, dans une ambiance relaxante. Cette exp\u00e9rience unique offre en m\u00eame temps l\u2019aisance, la nature grecque et la gastronomie m\u00e9diterran\u00e9enne.<br \/>Royal Sailing Rhodes propose des destinations exceptionnelles, un \u00e9quipage de navire professionnel et une cuisine raffin\u00e9e, remplie de parfum local et<br \/>d\u2019ingr\u00e9dients parfaits pour une exp\u00e9rience \u00e0 bord supr\u00eame.<\/p><\/div>\n\t<\/div>\n\t\t<\/div>\n\t\t\t\t<\/div>\n\t\t\t\t\t<\/div>\n\t\t<\/div>\n\t\t\t\t\t\t\t<\/div>\n\t\t<\/section>\n\t\t\t\t<section class=\"elementor-section elementor-top-section elementor-element elementor-element-e5c3949 elementor-section-boxed elementor-section-height-default elementor-section-height-default qodef-elementor-content-no\" data-id=\"e5c3949\" data-element_type=\"section\">\n\t\t\t\t\t\t<div class=\"elementor-container elementor-column-gap-default\">\n\t\t\t\t\t<div class=\"elementor-column elementor-col-100 elementor-top-column elementor-element elementor-element-b153fef\" data-id=\"b153fef\" data-element_type=\"column\">\n\t\t\t<div class=\"elementor-widget-wrap elementor-element-populated\">\n\t\t\t\t\t\t\t\t<div class=\"elementor-element elementor-element-f9334e9 elementor-widget elementor-widget-seafarer_core_section_title\" data-id=\"f9334e9\" data-element_type=\"widget\" data-widget_type=\"seafarer_core_section_title.default\">\n\t\t\t\t<div class=\"elementor-widget-container\">\n\t\t\t<div class=\"qodef-shortcode qodef-m  qodef-section-title qodef-alignment--center \">\n\t\t<div class=\"qodef-m-content\">\n\t\t\n\t\t    <h6 class=\"qodef-m-subtitle\" >\n    OUR PROFESSIONALS    <\/h6>\n\t\t\t<h1 class=\"qodef-m-title\" >\n\t\t\t\t\tRENCONTREZ NOTRE \u00c9QUIPE\t\t\t<\/h1>\n\t\t\t<p class=\"qodef-m-text\" >UNE EXP\u00c9RIENCE U\u039d\u0399QUE \u00c0 BORD AVEC UN \u00c9QUIPAGE PROFESSIONNEL.\n\n<\/p>\n\t<\/div>\n<\/div>\n\t\t<\/div>\n\t\t\t\t<\/div>\n\t\t\t\t<div class=\"elementor-element elementor-element-e2047c6 elementor-widget elementor-widget-text-editor\" data-id=\"e2047c6\" data-element_type=\"widget\" data-widget_type=\"text-editor.default\">\n\t\t\t\t<div class=\"elementor-widget-container\">\n\t\t\t\t\t\t\t<p>Notre \u00e9quipe professionnelle et notre passion pour les services de la plus haute qualit\u00e9 sont votre<\/p><p>garantie pour une exp\u00e9rience\u00a0 relaxante loin de la routine quotidienne!<\/p>\t\t\t\t\t\t<\/div>\n\t\t\t\t<\/div>\n\t\t\t\t\t<\/div>\n\t\t<\/div>\n\t\t\t\t\t\t\t<\/div>\n\t\t<\/section>\n\t\t\t\t\t\t\t<\/div>\n\t\t","protected":false},"excerpt":{"rendered":"<p>Explorez NAUTICAL COMPANY Royal Sailing Rhodes Depuis 2021 Vivez vos vacances de r\u00eave! Pour nous, organiser des croisi\u00e8res autour de l\u2019ile de Rhodes, c\u2019est plus qu\u2019un travail. C\u2019est notre fa\u00e7on de vivre\u00a0! Vivre \u00e0 bord, c\u2019est notre passion.Nous sommes d\u00e9di\u00e9s \u00e0 ce qu\u2019on fait et nous nous sentons tr\u00e8s proches de tous ceux qui partagent [&hellip;]<\/p>\n","protected":false},"author":1,"featured_media":0,"parent":0,"menu_order":0,"comment_status":"closed","ping_status":"closed","template":"page-full-width.php","meta":{"_monsterinsights_skip_tracking":false,"_monsterinsights_sitenote_active":false,"_monsterinsights_sitenote_note":"","_monsterinsights_sitenote_category":0},"aioseo_notices":[],"_links":{"self":[{"href":"https:\/\/royalsailingrhodes.com\/index.php\/wp-json\/wp\/v2\/pages\/9545"}],"collection":[{"href":"https:\/\/royalsailingrhodes.com\/index.php\/wp-json\/wp\/v2\/pages"}],"about":[{"href":"https:\/\/royalsailingrhodes.com\/index.php\/wp-json\/wp\/v2\/types\/page"}],"author":[{"embeddable":true,"href":"https:\/\/royalsailingrhodes.com\/index.php\/wp-json\/wp\/v2\/users\/1"}],"replies":[{"embeddable":true,"href":"https:\/\/royalsailingrhodes.com\/index.php\/wp-json\/wp\/v2\/comments?post=9545"}],"version-history":[{"count":21,"href":"https:\/\/royalsailingrhodes.com\/index.php\/wp-json\/wp\/v2\/pages\/9545\/revisions"}],"predecessor-version":[{"id":10717,"href":"https:\/\/royalsailingrhodes.com\/index.php\/wp-json\/wp\/v2\/pages\/9545\/revisions\/10717"}],"wp:attachment":[{"href":"https:\/\/royalsailingrhodes.com\/index.php\/wp-json\/wp\/v2\/media?parent=9545"}],"curies":[{"name":"wp","href":"https:\/\/api.w.org\/{rel}","templated":true}]}}