{"id":8096,"date":"2022-03-23T23:11:47","date_gmt":"2022-03-23T21:11:47","guid":{"rendered":"https:\/\/royalsailingrhodes.com\/?page_id=8096"},"modified":"2023-03-03T22:33:26","modified_gmt":"2023-03-03T20:33:26","slug":"about-us-s","status":"publish","type":"page","link":"https:\/\/royalsailingrhodes.com\/index.php\/sv\/about-us-s\/","title":{"rendered":"Om oss"},"content":{"rendered":"\t\t<div data-elementor-type=\"wp-page\" data-elementor-id=\"8096\" class=\"elementor elementor-8096\">\n\t\t\t\t\t\t\t\t\t<section class=\"elementor-section elementor-top-section elementor-element elementor-element-b463df9 elementor-section-full_width qodef-elementor-content-grid elementor-section-height-default elementor-section-height-default\" data-id=\"b463df9\" data-element_type=\"section\" data-settings=\"{&quot;background_background&quot;:&quot;classic&quot;}\">\n\t\t\t\t\t\t<div class=\"elementor-container elementor-column-gap-no\">\n\t\t\t\t\t<div class=\"elementor-column elementor-col-100 elementor-top-column elementor-element elementor-element-ee92ff2\" data-id=\"ee92ff2\" data-element_type=\"column\">\n\t\t\t<div class=\"elementor-widget-wrap elementor-element-populated\">\n\t\t\t\t\t\t\t\t<div class=\"elementor-element elementor-element-2529464 elementor-widget elementor-widget-seafarer_core_section_title\" data-id=\"2529464\" data-element_type=\"widget\" data-widget_type=\"seafarer_core_section_title.default\">\n\t\t\t\t<div class=\"elementor-widget-container\">\n\t\t\t<div class=\"qodef-shortcode qodef-m  qodef-section-title qodef-alignment--center \">\n\t\t<div class=\"qodef-m-image\">\n\t\t<img width=\"74\" height=\"108\" src=\"https:\/\/royalsailingrhodes.com\/wp-content\/uploads\/2021\/07\/Sidebar-img.png\" class=\"attachment-full size-full\" alt=\"Sidebar-img\" loading=\"lazy\" \/>\t<\/div>\n\t<div class=\"qodef-m-content\">\n\t\t    <span class=\"qodef-m-background-text\" >\n    Explore    <\/span>\n\n\t\t    <h6 class=\"qodef-m-subtitle\" >\n    NAUTICAL COMPANY    <\/h6>\n\t\t\t<h1 class=\"qodef-m-title\" >\n\t\t\t\t\tRoyal Sailing Rhodes Since 2021\t\t\t<\/h1>\n\t\t\t<\/div>\n<\/div>\n\t\t<\/div>\n\t\t\t\t<\/div>\n\t\t\t\t<div class=\"elementor-element elementor-element-d229faf elementor-widget elementor-widget-text-editor\" data-id=\"d229faf\" data-element_type=\"widget\" data-widget_type=\"text-editor.default\">\n\t\t\t\t<div class=\"elementor-widget-container\">\n\t\t\t<style>\/*! elementor - v3.6.4 - 13-04-2022 *\/\n.elementor-widget-text-editor.elementor-drop-cap-view-stacked .elementor-drop-cap{background-color:#818a91;color:#fff}.elementor-widget-text-editor.elementor-drop-cap-view-framed .elementor-drop-cap{color:#818a91;border:3px solid;background-color:transparent}.elementor-widget-text-editor:not(.elementor-drop-cap-view-default) .elementor-drop-cap{margin-top:8px}.elementor-widget-text-editor:not(.elementor-drop-cap-view-default) .elementor-drop-cap-letter{width:1em;height:1em}.elementor-widget-text-editor .elementor-drop-cap{float:left;text-align:center;line-height:1;font-size:50px}.elementor-widget-text-editor .elementor-drop-cap-letter{display:inline-block}<\/style>\t\t\t\t<p style=\"font-size: 17px; line-height: 28px;\">Experience your dream holiday!<\/p>\t\t\t\t\t\t<\/div>\n\t\t\t\t<\/div>\n\t\t\t\t\t<\/div>\n\t\t<\/div>\n\t\t\t\t\t\t\t<\/div>\n\t\t<\/section>\n\t\t\t\t<section class=\"elementor-section elementor-top-section elementor-element elementor-element-b1d3407 elementor-section-full_width qodef-elementor-content-grid elementor-section-height-default elementor-section-height-default\" data-id=\"b1d3407\" data-element_type=\"section\">\n\t\t\t\t\t\t<div class=\"elementor-container elementor-column-gap-default\">\n\t\t\t\t\t<div class=\"elementor-column elementor-col-50 elementor-top-column elementor-element elementor-element-1012e9b\" data-id=\"1012e9b\" data-element_type=\"column\">\n\t\t\t<div class=\"elementor-widget-wrap elementor-element-populated\">\n\t\t\t\t\t\t\t\t<div class=\"elementor-element elementor-element-7c9bb7b elementor-widget__width-initial e-transform elementor-widget elementor-widget-seafarer_core_single_image\" data-id=\"7c9bb7b\" data-element_type=\"widget\" data-settings=\"{&quot;_transform_scale_effect&quot;:{&quot;unit&quot;:&quot;px&quot;,&quot;size&quot;:1.1000000000000001,&quot;sizes&quot;:[]},&quot;_transform_scale_effect_tablet&quot;:{&quot;unit&quot;:&quot;px&quot;,&quot;size&quot;:&quot;&quot;,&quot;sizes&quot;:[]},&quot;_transform_scale_effect_mobile&quot;:{&quot;unit&quot;:&quot;px&quot;,&quot;size&quot;:&quot;&quot;,&quot;sizes&quot;:[]}}\" data-widget_type=\"seafarer_core_single_image.default\">\n\t\t\t\t<div class=\"elementor-widget-container\">\n\t\t\t<div class=\"qodef-shortcode qodef-m  qodef-single-image qodef-layout--default   \"  >\n\t\t<span class=\"qodef-m-border--top-left\"><\/span>\n\t<span class=\"qodef-m-border--bottom-right\"><\/span>\n\t<div class=\"qodef-m-image\">\n\t\t\t\t\t<img width=\"393\" height=\"420\" src=\"https:\/\/royalsailingrhodes.com\/wp-content\/uploads\/2022\/02\/Rhodes-Luxury-Cruises.jpg\" class=\"attachment-full size-full\" alt=\"Rhodes Luxury Cruises\" loading=\"lazy\" srcset=\"https:\/\/royalsailingrhodes.com\/wp-content\/uploads\/2022\/02\/Rhodes-Luxury-Cruises.jpg 393w, https:\/\/royalsailingrhodes.com\/wp-content\/uploads\/2022\/02\/Rhodes-Luxury-Cruises-281x300.jpg 281w\" sizes=\"(max-width: 393px) 100vw, 393px\" \/>\t\t\t<\/div>\n<\/div>\n\t\t<\/div>\n\t\t\t\t<\/div>\n\t\t\t\t\t<\/div>\n\t\t<\/div>\n\t\t\t\t<div class=\"elementor-column elementor-col-50 elementor-top-column elementor-element elementor-element-dc2b2f6\" data-id=\"dc2b2f6\" data-element_type=\"column\">\n\t\t\t<div class=\"elementor-widget-wrap elementor-element-populated\">\n\t\t\t\t\t\t\t\t<div class=\"elementor-element elementor-element-4ecb49d elementor-widget elementor-widget-seafarer_core_section_title\" data-id=\"4ecb49d\" data-element_type=\"widget\" data-widget_type=\"seafarer_core_section_title.default\">\n\t\t\t\t<div class=\"elementor-widget-container\">\n\t\t\t<div class=\"qodef-shortcode qodef-m  qodef-section-title qodef-alignment--left \">\n\t\t<div class=\"qodef-m-content\">\n\t\t\n\t\t\t\t\t<h3 class=\"qodef-m-title\" style=\"margin-top: 2px\">\n\t\t\t\t\tThis is more than a job. This is our lifestyle.\t\t\t<\/h3>\n\t\t\t<\/div>\n<\/div>\n\t\t<\/div>\n\t\t\t\t<\/div>\n\t\t\t\t<div class=\"elementor-element elementor-element-9c8208c elementor-widget__width-initial elementor-widget elementor-widget-seafarer_core_unordered_list\" data-id=\"9c8208c\" data-element_type=\"widget\" data-widget_type=\"seafarer_core_unordered_list.default\">\n\t\t\t\t<div class=\"elementor-widget-container\">\n\t\t\t<div class=\"qodef-shortcode qodef-m  qodef-unordered-list\">\n\t\t\t<div class=\"qodef-ul-text\" ><p>Boat life is our passion. It\u2019s our lifestyle. We love what we do and we love people who share the same passion.<br \/>If you love the sea as much as we do, then you\u2019ll understand that a cruise is just the start of an incredible journey on the water.<\/p><p>We offer our clients the comfort and pleasure of luxury cruises around the beautiful island of Rhodes. <br \/>We <span class=\"Y2IQFc\" lang=\"en\">guarantee <\/span>a superb day of sailing in a relaxing atmosphere.<br \/>This unique holiday experience affords a harmonious balance of luxury, nature and Mediterranean dining.<\/p><p>Royal Sailing Rhodes will combine amazing destinations, professional crew and exquisite cuisine always with a local flavor. The perfect ingredients for an ultimate boat cruise experience.<\/p><\/div>\n\t<\/div>\n\t\t<\/div>\n\t\t\t\t<\/div>\n\t\t\t\t\t<\/div>\n\t\t<\/div>\n\t\t\t\t\t\t\t<\/div>\n\t\t<\/section>\n\t\t\t\t<section class=\"elementor-section elementor-top-section elementor-element elementor-element-e5c3949 elementor-section-boxed elementor-section-height-default elementor-section-height-default qodef-elementor-content-no\" data-id=\"e5c3949\" data-element_type=\"section\">\n\t\t\t\t\t\t<div class=\"elementor-container elementor-column-gap-default\">\n\t\t\t\t\t<div class=\"elementor-column elementor-col-100 elementor-top-column elementor-element elementor-element-b153fef\" data-id=\"b153fef\" data-element_type=\"column\">\n\t\t\t<div class=\"elementor-widget-wrap elementor-element-populated\">\n\t\t\t\t\t\t\t\t<div class=\"elementor-element elementor-element-f9334e9 elementor-widget elementor-widget-seafarer_core_section_title\" data-id=\"f9334e9\" data-element_type=\"widget\" data-widget_type=\"seafarer_core_section_title.default\">\n\t\t\t\t<div class=\"elementor-widget-container\">\n\t\t\t<div class=\"qodef-shortcode qodef-m  qodef-section-title qodef-alignment--center \">\n\t\t<div class=\"qodef-m-content\">\n\t\t\n\t\t    <h6 class=\"qodef-m-subtitle\" >\n    OUR PROFESSIONALS    <\/h6>\n\t\t\t<h1 class=\"qodef-m-title\" >\n\t\t\t\t\tM\u00f6t v\u00e5r bes\u00e4ttning\t\t\t<\/h1>\n\t\t\t<p class=\"qodef-m-text\" >THE ULTIMATE EXPERIENCE ON BOARD WITH A PROFESSIONAL CREW.\n\n<\/p>\n\t<\/div>\n<\/div>\n\t\t<\/div>\n\t\t\t\t<\/div>\n\t\t\t\t<div class=\"elementor-element elementor-element-e2047c6 elementor-widget elementor-widget-text-editor\" data-id=\"e2047c6\" data-element_type=\"widget\" data-widget_type=\"text-editor.default\">\n\t\t\t\t<div class=\"elementor-widget-container\">\n\t\t\t\t\t\t\t<p><span class=\"tojvnm2t a6sixzi8 abs2jz4q a8s20v7p t1p8iaqh k5wvi7nf q3lfd5jv pk4s997a bipmatt0 cebpdrjk qowsmv63 owwhemhu dp1hu0rb dhp61c6y iyyx5f41\">Our professional crew and our passion for highest-standard services is your guarantee for a stress-free and relaxing experience!<\/span><\/p>\t\t\t\t\t\t<\/div>\n\t\t\t\t<\/div>\n\t\t\t\t\t<\/div>\n\t\t<\/div>\n\t\t\t\t\t\t\t<\/div>\n\t\t<\/section>\n\t\t\t\t\t\t\t<\/div>\n\t\t","protected":false},"excerpt":{"rendered":"<p>Explore NAUTICAL COMPANY Royal Sailing Rhodes Since 2021 Experience your dream holiday! This is more than a job. This is our lifestyle. Boat life is our passion. It\u2019s our lifestyle. We love what we do and we love people who share the same passion. If you love the sea as much as we do, then [&hellip;]<\/p>\n","protected":false},"author":1,"featured_media":0,"parent":0,"menu_order":0,"comment_status":"closed","ping_status":"closed","template":"page-full-width.php","meta":{"_monsterinsights_skip_tracking":false,"_monsterinsights_sitenote_active":false,"_monsterinsights_sitenote_note":"","_monsterinsights_sitenote_category":0},"aioseo_notices":[],"_links":{"self":[{"href":"https:\/\/royalsailingrhodes.com\/index.php\/wp-json\/wp\/v2\/pages\/8096"}],"collection":[{"href":"https:\/\/royalsailingrhodes.com\/index.php\/wp-json\/wp\/v2\/pages"}],"about":[{"href":"https:\/\/royalsailingrhodes.com\/index.php\/wp-json\/wp\/v2\/types\/page"}],"author":[{"embeddable":true,"href":"https:\/\/royalsailingrhodes.com\/index.php\/wp-json\/wp\/v2\/users\/1"}],"replies":[{"embeddable":true,"href":"https:\/\/royalsailingrhodes.com\/index.php\/wp-json\/wp\/v2\/comments?post=8096"}],"version-history":[{"count":5,"href":"https:\/\/royalsailingrhodes.com\/index.php\/wp-json\/wp\/v2\/pages\/8096\/revisions"}],"predecessor-version":[{"id":9860,"href":"https:\/\/royalsailingrhodes.com\/index.php\/wp-json\/wp\/v2\/pages\/8096\/revisions\/9860"}],"wp:attachment":[{"href":"https:\/\/royalsailingrhodes.com\/index.php\/wp-json\/wp\/v2\/media?parent=8096"}],"curies":[{"name":"wp","href":"https:\/\/api.w.org\/{rel}","templated":true}]}}